{"id":2570,"date":"2023-12-01T09:10:59","date_gmt":"2023-12-01T08:10:59","guid":{"rendered":"https:\/\/globalautoimports.eu\/usa\/?page_id=2570"},"modified":"2023-12-01T09:11:00","modified_gmt":"2023-12-01T08:11:00","slug":"mapa-serwisu","status":"publish","type":"page","link":"https:\/\/globalautoimports.eu\/usa\/mapa-serwisu\/","title":{"rendered":"Mapa serwisu"},"content":{"rendered":"<ul class=\"wp-block-page-list\"><li class=\"wp-block-pages-list__item\"><a class=\"wp-block-pages-list__item__link\" href=\"https:\/\/globalautoimports.eu\/usa\/artykuly\/\">Artyku\u0142y<\/a><\/li><li class=\"wp-block-pages-list__item\"><a class=\"wp-block-pages-list__item__link\" href=\"https:\/\/globalautoimports.eu\/usa\/kontakt\/\">Kontakt<\/a><\/li><li class=\"wp-block-pages-list__item\"><a class=\"wp-block-pages-list__item__link\" href=\"https:\/\/globalautoimports.eu\/usa\/licytacje\/\">Licytacje<\/a><\/li><li class=\"wp-block-pages-list__item\"><a class=\"wp-block-pages-list__item__link\" href=\"https:\/\/globalautoimports.eu\/usa\/mapa-serwisu\/\">Mapa serwisu<\/a><\/li><li class=\"wp-block-pages-list__item\"><a class=\"wp-block-pages-list__item__link\" href=\"https:\/\/globalautoimports.eu\/usa\/o-firmie\/\">O firmie<\/a><\/li><li class=\"wp-block-pages-list__item\"><a class=\"wp-block-pages-list__item__link\" href=\"https:\/\/globalautoimports.eu\/usa\/samochody-osobowe-z-usa\/\">Samochody osobowe z USA<\/a><\/li><li class=\"wp-block-pages-list__item\"><a class=\"wp-block-pages-list__item__link\" href=\"https:\/\/globalautoimports.eu\/usa\/samochody-terenowe-z-usa\/\">Samochody terenowe z USA<\/a><\/li><li class=\"wp-block-pages-list__item menu-item-home\"><a class=\"wp-block-pages-list__item__link\" href=\"https:\/\/globalautoimports.eu\/usa\/\">Samochody z USA<\/a><\/li><li class=\"wp-block-pages-list__item\"><a class=\"wp-block-pages-list__item__link\" href=\"https:\/\/globalautoimports.eu\/usa\/samochody-uszkodzone-z-usa\/\">Uszkodzone samochody z USA<\/a><\/li><\/ul>\n\n\n<h2 class=\"wp-block-heading\">Artyku\u0142y<\/h2>\n\n\n<ul class=\"wp-block-latest-posts__list wp-block-latest-posts\"><li><a class=\"wp-block-latest-posts__post-title\" href=\"https:\/\/globalautoimports.eu\/usa\/jak-zarejestrowac-samochod-z-usa\/\">Jak zarejestrowa\u0107 samoch\u00f3d z USA?<\/a><\/li>\n<li><a class=\"wp-block-latest-posts__post-title\" href=\"https:\/\/globalautoimports.eu\/usa\/henry-ford-czlowiek-ktory-zmienil-swiat\/\">Henry Ford &#8211; cz\u0142owiek, kt\u00f3ry zmieni\u0142 \u015bwiat<\/a><\/li>\n<li><a class=\"wp-block-latest-posts__post-title\" href=\"https:\/\/globalautoimports.eu\/usa\/pontiac-firebird\/\">Pontiac Firebird: Ikona ameryka\u0144skiej motoryzacji<\/a><\/li>\n<li><a class=\"wp-block-latest-posts__post-title\" href=\"https:\/\/globalautoimports.eu\/usa\/jak-ubezpieczyc-samochod-z-usa\/\">Jak ubezpieczy\u0107 samoch\u00f3d z USA?<\/a><\/li>\n<li><a class=\"wp-block-latest-posts__post-title\" href=\"https:\/\/globalautoimports.eu\/usa\/cadillac-eldorado-legenda-luksusu-z-lat-50-i-60\/\">Cadillac Eldorado: Legenda luksusu z lat 50. i 60.<\/a><\/li>\n<li><a class=\"wp-block-latest-posts__post-title\" href=\"https:\/\/globalautoimports.eu\/usa\/pony-car-a-muscle-car-czym-sie-roznia\/\">Pony car a muscle car &#8211; czym si\u0119 r\u00f3\u017cni\u0105?<\/a><\/li>\n<li><a class=\"wp-block-latest-posts__post-title\" href=\"https:\/\/globalautoimports.eu\/usa\/muscle-cars\/\">Ameryka\u0144skie muscle cars: pot\u0119ga i styl na drodze<\/a><\/li>\n<li><a class=\"wp-block-latest-posts__post-title\" href=\"https:\/\/globalautoimports.eu\/usa\/najpopularniejsze-marki-samochodow-z-usa-ikony-na-drogach\/\">Najpopularniejsze marki samochod\u00f3w z USA: ikony na drogach<\/a><\/li>\n<\/ul>","protected":false},"excerpt":{"rendered":"<p>Artyku\u0142y<\/p>\n","protected":false},"author":2,"featured_media":0,"parent":0,"menu_order":0,"comment_status":"closed","ping_status":"closed","template":"","meta":{"_eb_attr":"","footnotes":""},"class_list":["post-2570","page","type-page","status-publish","hentry"],"yoast_head":"<!-- This site is optimized with the Yoast SEO plugin v27.3 - https:\/\/yoast.com\/product\/yoast-seo-wordpress\/ -->\n<title>Mapa serwisu - USA Global Auto Imports<\/title>\n<meta name=\"robots\" content=\"index, follow, max-snippet:-1, max-image-preview:large, max-video-preview:-1\" \/>\n<link rel=\"canonical\" href=\"https:\/\/globalautoimports.eu\/usa\/mapa-serwisu\/\" \/>\n<meta property=\"og:locale\" content=\"en_GB\" \/>\n<meta property=\"og:type\" content=\"article\" \/>\n<meta property=\"og:title\" content=\"Mapa serwisu - USA Global Auto Imports\" \/>\n<meta property=\"og:description\" content=\"Artyku\u0142y\" \/>\n<meta property=\"og:url\" content=\"https:\/\/globalautoimports.eu\/usa\/mapa-serwisu\/\" \/>\n<meta property=\"og:site_name\" content=\"USA Global Auto Imports\" \/>\n<meta property=\"article:modified_time\" content=\"2023-12-01T08:11:00+00:00\" \/>\n<meta name=\"twitter:card\" content=\"summary_large_image\" \/>\n<meta name=\"twitter:label1\" content=\"Estimated reading time\" \/>\n\t<meta name=\"twitter:data1\" content=\"1 minute\" \/>\n<script type=\"application\/ld+json\" class=\"yoast-schema-graph\">{\"@context\":\"https:\\\/\\\/schema.org\",\"@graph\":[{\"@type\":\"WebPage\",\"@id\":\"https:\\\/\\\/globalautoimports.eu\\\/usa\\\/mapa-serwisu\\\/\",\"url\":\"https:\\\/\\\/globalautoimports.eu\\\/usa\\\/mapa-serwisu\\\/\",\"name\":\"Mapa serwisu - USA Global Auto Imports\",\"isPartOf\":{\"@id\":\"https:\\\/\\\/globalautoimports.eu\\\/usa\\\/#website\"},\"datePublished\":\"2023-12-01T08:10:59+00:00\",\"dateModified\":\"2023-12-01T08:11:00+00:00\",\"breadcrumb\":{\"@id\":\"https:\\\/\\\/globalautoimports.eu\\\/usa\\\/mapa-serwisu\\\/#breadcrumb\"},\"inLanguage\":\"en-GB\",\"potentialAction\":[{\"@type\":\"ReadAction\",\"target\":[\"https:\\\/\\\/globalautoimports.eu\\\/usa\\\/mapa-serwisu\\\/\"]}]},{\"@type\":\"BreadcrumbList\",\"@id\":\"https:\\\/\\\/globalautoimports.eu\\\/usa\\\/mapa-serwisu\\\/#breadcrumb\",\"itemListElement\":[{\"@type\":\"ListItem\",\"position\":1,\"name\":\"Home\",\"item\":\"https:\\\/\\\/globalautoimports.eu\\\/usa\\\/\"},{\"@type\":\"ListItem\",\"position\":2,\"name\":\"Mapa serwisu\"}]},{\"@type\":\"WebSite\",\"@id\":\"https:\\\/\\\/globalautoimports.eu\\\/usa\\\/#website\",\"url\":\"https:\\\/\\\/globalautoimports.eu\\\/usa\\\/\",\"name\":\"USA Global Auto Imports\",\"description\":\"Import aut z USA\",\"potentialAction\":[{\"@type\":\"SearchAction\",\"target\":{\"@type\":\"EntryPoint\",\"urlTemplate\":\"https:\\\/\\\/globalautoimports.eu\\\/usa\\\/?s={search_term_string}\"},\"query-input\":{\"@type\":\"PropertyValueSpecification\",\"valueRequired\":true,\"valueName\":\"search_term_string\"}}],\"inLanguage\":\"en-GB\"}]}<\/script>\n<!-- \/ Yoast SEO plugin. -->","yoast_head_json":{"title":"Mapa serwisu - USA Global Auto Imports","robots":{"index":"index","follow":"follow","max-snippet":"max-snippet:-1","max-image-preview":"max-image-preview:large","max-video-preview":"max-video-preview:-1"},"canonical":"https:\/\/globalautoimports.eu\/usa\/mapa-serwisu\/","og_locale":"en_GB","og_type":"article","og_title":"Mapa serwisu - USA Global Auto Imports","og_description":"Artyku\u0142y","og_url":"https:\/\/globalautoimports.eu\/usa\/mapa-serwisu\/","og_site_name":"USA Global Auto Imports","article_modified_time":"2023-12-01T08:11:00+00:00","twitter_card":"summary_large_image","twitter_misc":{"Estimated reading time":"1 minute"},"schema":{"@context":"https:\/\/schema.org","@graph":[{"@type":"WebPage","@id":"https:\/\/globalautoimports.eu\/usa\/mapa-serwisu\/","url":"https:\/\/globalautoimports.eu\/usa\/mapa-serwisu\/","name":"Mapa serwisu - USA Global Auto Imports","isPartOf":{"@id":"https:\/\/globalautoimports.eu\/usa\/#website"},"datePublished":"2023-12-01T08:10:59+00:00","dateModified":"2023-12-01T08:11:00+00:00","breadcrumb":{"@id":"https:\/\/globalautoimports.eu\/usa\/mapa-serwisu\/#breadcrumb"},"inLanguage":"en-GB","potentialAction":[{"@type":"ReadAction","target":["https:\/\/globalautoimports.eu\/usa\/mapa-serwisu\/"]}]},{"@type":"BreadcrumbList","@id":"https:\/\/globalautoimports.eu\/usa\/mapa-serwisu\/#breadcrumb","itemListElement":[{"@type":"ListItem","position":1,"name":"Home","item":"https:\/\/globalautoimports.eu\/usa\/"},{"@type":"ListItem","position":2,"name":"Mapa serwisu"}]},{"@type":"WebSite","@id":"https:\/\/globalautoimports.eu\/usa\/#website","url":"https:\/\/globalautoimports.eu\/usa\/","name":"USA Global Auto Imports","description":"Import aut z USA","potentialAction":[{"@type":"SearchAction","target":{"@type":"EntryPoint","urlTemplate":"https:\/\/globalautoimports.eu\/usa\/?s={search_term_string}"},"query-input":{"@type":"PropertyValueSpecification","valueRequired":true,"valueName":"search_term_string"}}],"inLanguage":"en-GB"}]}},"_links":{"self":[{"href":"https:\/\/globalautoimports.eu\/usa\/wp-json\/wp\/v2\/pages\/2570","targetHints":{"allow":["GET"]}}],"collection":[{"href":"https:\/\/globalautoimports.eu\/usa\/wp-json\/wp\/v2\/pages"}],"about":[{"href":"https:\/\/globalautoimports.eu\/usa\/wp-json\/wp\/v2\/types\/page"}],"author":[{"embeddable":true,"href":"https:\/\/globalautoimports.eu\/usa\/wp-json\/wp\/v2\/users\/2"}],"replies":[{"embeddable":true,"href":"https:\/\/globalautoimports.eu\/usa\/wp-json\/wp\/v2\/comments?post=2570"}],"version-history":[{"count":1,"href":"https:\/\/globalautoimports.eu\/usa\/wp-json\/wp\/v2\/pages\/2570\/revisions"}],"predecessor-version":[{"id":2571,"href":"https:\/\/globalautoimports.eu\/usa\/wp-json\/wp\/v2\/pages\/2570\/revisions\/2571"}],"wp:attachment":[{"href":"https:\/\/globalautoimports.eu\/usa\/wp-json\/wp\/v2\/media?parent=2570"}],"curies":[{"name":"wp","href":"https:\/\/api.w.org\/{rel}","templated":true}]}}