{"id":1957,"date":"2023-05-04T17:08:18","date_gmt":"2023-05-04T15:08:18","guid":{"rendered":"https:\/\/globalautoimports.eu\/usa\/?page_id=1957"},"modified":"2025-03-28T12:53:01","modified_gmt":"2025-03-28T11:53:01","slug":"kontakt","status":"publish","type":"page","link":"https:\/\/globalautoimports.eu\/usa\/kontakt\/","title":{"rendered":"Kontakt"},"content":{"rendered":"\t\t<div data-elementor-type=\"wp-page\" data-elementor-id=\"1957\" class=\"elementor elementor-1957\">\n\t\t\t\t\t\t<section class=\"elementor-section elementor-top-section elementor-element elementor-element-26d9dd56 elementor-section-full_width elementor-section-height-default elementor-section-height-default wpr-particle-no wpr-jarallax-no wpr-parallax-no wpr-sticky-section-no\" data-id=\"26d9dd56\" data-element_type=\"section\" data-e-type=\"section\">\n\t\t\t\t\t\t<div class=\"elementor-container elementor-column-gap-wide\">\n\t\t\t\t\t<div class=\"elementor-column elementor-col-100 elementor-top-column elementor-element elementor-element-45cc5aeb\" data-id=\"45cc5aeb\" data-element_type=\"column\" data-e-type=\"column\">\n\t\t\t<div class=\"elementor-widget-wrap elementor-element-populated\">\n\t\t\t\t\t\t<section class=\"elementor-section elementor-inner-section elementor-element elementor-element-2c61c1bd elementor-reverse-mobile elementor-section-boxed elementor-section-height-default elementor-section-height-default wpr-particle-no wpr-jarallax-no wpr-parallax-no wpr-sticky-section-no\" data-id=\"2c61c1bd\" data-element_type=\"section\" data-e-type=\"section\">\n\t\t\t\t\t\t<div class=\"elementor-container elementor-column-gap-default\">\n\t\t\t\t\t<div class=\"elementor-column elementor-col-50 elementor-inner-column elementor-element elementor-element-42b10d96\" data-id=\"42b10d96\" data-element_type=\"column\" data-e-type=\"column\">\n\t\t\t<div class=\"elementor-widget-wrap elementor-element-populated\">\n\t\t\t\t\t\t<div class=\"elementor-element elementor-element-1a7d769 elementor-widget elementor-widget-google_maps\" data-id=\"1a7d769\" data-element_type=\"widget\" data-e-type=\"widget\" data-widget_type=\"google_maps.default\">\n\t\t\t\t<div class=\"elementor-widget-container\">\n\t\t\t\t\t\t\t<div class=\"elementor-custom-embed\">\n\t\t\t<iframe loading=\"lazy\"\n\t\t\t\t\tsrc=\"https:\/\/maps.google.com\/maps?q=ul.%20Reformat%C3%B3w%207%2F2%2C%2084-200%20Wejherowo&#038;t=m&#038;z=15&#038;output=embed&#038;iwloc=near\"\n\t\t\t\t\ttitle=\"ul. Reformat\u00f3w 7\/2, 84-200 Wejherowo\"\n\t\t\t\t\taria-label=\"ul. Reformat\u00f3w 7\/2, 84-200 Wejherowo\"\n\t\t\t><\/iframe>\n\t\t<\/div>\n\t\t\t\t\t\t<\/div>\n\t\t\t\t<\/div>\n\t\t\t\t\t<\/div>\n\t\t<\/div>\n\t\t\t\t<div class=\"elementor-column elementor-col-50 elementor-inner-column elementor-element elementor-element-47b639d7\" data-id=\"47b639d7\" data-element_type=\"column\" data-e-type=\"column\">\n\t\t\t<div class=\"elementor-widget-wrap elementor-element-populated\">\n\t\t\t\t\t\t<div class=\"elementor-element elementor-element-1536ea70 elementor-widget elementor-widget-text-editor\" data-id=\"1536ea70\" data-element_type=\"widget\" data-e-type=\"widget\" data-widget_type=\"text-editor.default\">\n\t\t\t\t<div class=\"elementor-widget-container\">\n\t\t\t\t\t\t\t\t\t<h2>Napisz lub zadzwo\u0144 i zapytaj o Tw\u00f3j samoch\u00f3d z USA.<\/h2>\t\t\t\t\t\t\t\t<\/div>\n\t\t\t\t<\/div>\n\t\t\t\t<div class=\"elementor-element elementor-element-549ca0a2 elementor-widget elementor-widget-text-editor\" data-id=\"549ca0a2\" data-element_type=\"widget\" data-e-type=\"widget\" data-widget_type=\"text-editor.default\">\n\t\t\t\t<div class=\"elementor-widget-container\">\n\t\t\t\t\t\t\t\t\t<p>Wsp\u00f3\u0142pracujemy z firmami w ca\u0142ej Polsce i Europie. Mo\u017cemy kupi\u0107 dla Ciebie samoch\u00f3d lub cz\u0119\u015bci w dowolnym miejscu w USA i dostarczy\u0107 pod dowolny adres w Europie.&nbsp;<\/p>\t\t\t\t\t\t\t\t<\/div>\n\t\t\t\t<\/div>\n\t\t\t\t<div class=\"elementor-element elementor-element-668733d2 elementor-widget elementor-widget-text-editor\" data-id=\"668733d2\" data-element_type=\"widget\" data-e-type=\"widget\" data-widget_type=\"text-editor.default\">\n\t\t\t\t<div class=\"elementor-widget-container\">\n\t\t\t\t\t\t\t\t\t<h4>Telefony<\/h4>\t\t\t\t\t\t\t\t<\/div>\n\t\t\t\t<\/div>\n\t\t\t\t<div class=\"elementor-element elementor-element-ade8767 elementor-align-start elementor-icon-list--layout-traditional elementor-list-item-link-full_width elementor-widget elementor-widget-icon-list\" data-id=\"ade8767\" data-element_type=\"widget\" data-e-type=\"widget\" data-widget_type=\"icon-list.default\">\n\t\t\t\t<div class=\"elementor-widget-container\">\n\t\t\t\t\t\t\t<ul class=\"elementor-icon-list-items\">\n\t\t\t\t\t\t\t<li class=\"elementor-icon-list-item\">\n\t\t\t\t\t\t\t\t\t\t\t<span class=\"elementor-icon-list-icon\">\n\t\t\t\t\t\t\t<i aria-hidden=\"true\" class=\"fas fa-mobile-alt\"><\/i>\t\t\t\t\t\t<\/span>\n\t\t\t\t\t\t\t\t\t\t<span class=\"elementor-icon-list-text\">Dzia\u0142 licytacji: +48 534 050 764<\/span>\n\t\t\t\t\t\t\t\t\t<\/li>\n\t\t\t\t\t\t<\/ul>\n\t\t\t\t\t\t<\/div>\n\t\t\t\t<\/div>\n\t\t\t\t<div class=\"elementor-element elementor-element-49823775 elementor-widget elementor-widget-text-editor\" data-id=\"49823775\" data-element_type=\"widget\" data-e-type=\"widget\" data-widget_type=\"text-editor.default\">\n\t\t\t\t<div class=\"elementor-widget-container\">\n\t\t\t\t\t\t\t\t\t<h4>E-mail<\/h4>\t\t\t\t\t\t\t\t<\/div>\n\t\t\t\t<\/div>\n\t\t\t\t<div class=\"elementor-element elementor-element-044f0dc elementor-align-start elementor-icon-list--layout-traditional elementor-list-item-link-full_width elementor-widget elementor-widget-icon-list\" data-id=\"044f0dc\" data-element_type=\"widget\" data-e-type=\"widget\" data-widget_type=\"icon-list.default\">\n\t\t\t\t<div class=\"elementor-widget-container\">\n\t\t\t\t\t\t\t<ul class=\"elementor-icon-list-items\">\n\t\t\t\t\t\t\t<li class=\"elementor-icon-list-item\">\n\t\t\t\t\t\t\t\t\t\t\t<a href=\"mailto:info@globalautoimports.eu\/usa\">\n\n\t\t\t\t\t\t\t\t\t\t\t\t<span class=\"elementor-icon-list-icon\">\n\t\t\t\t\t\t\t<i aria-hidden=\"true\" class=\"fas fa-envelope-open-text\"><\/i>\t\t\t\t\t\t<\/span>\n\t\t\t\t\t\t\t\t\t\t<span class=\"elementor-icon-list-text\">Zapytania : info@globalautoimports.eu<\/span>\n\t\t\t\t\t\t\t\t\t\t\t<\/a>\n\t\t\t\t\t\t\t\t\t<\/li>\n\t\t\t\t\t\t\t\t<li class=\"elementor-icon-list-item\">\n\t\t\t\t\t\t\t\t\t\t\t<a href=\"mailto:blake@globalautoimports.eu\/usa\">\n\n\t\t\t\t\t\t\t\t\t\t\t\t<span class=\"elementor-icon-list-icon\">\n\t\t\t\t\t\t\t<i aria-hidden=\"true\" class=\"fas fa-envelope-open-text\"><\/i>\t\t\t\t\t\t<\/span>\n\t\t\t\t\t\t\t\t\t\t<span class=\"elementor-icon-list-text\">Dzia\u0142a Obs\u0142ugi Klienta : blake@globalautoimports.eu<\/span>\n\t\t\t\t\t\t\t\t\t\t\t<\/a>\n\t\t\t\t\t\t\t\t\t<\/li>\n\t\t\t\t\t\t\t\t<li class=\"elementor-icon-list-item\">\n\t\t\t\t\t\t\t\t\t\t\t<a href=\"mailto:wayne@globalautoimports.eu\/usa\">\n\n\t\t\t\t\t\t\t\t\t\t\t\t<span class=\"elementor-icon-list-icon\">\n\t\t\t\t\t\t\t<i aria-hidden=\"true\" class=\"fas fa-envelope-open-text\"><\/i>\t\t\t\t\t\t<\/span>\n\t\t\t\t\t\t\t\t\t\t<span class=\"elementor-icon-list-text\">USA biuro zakup\u00f3w : wayne@globalautoimports.eu<\/span>\n\t\t\t\t\t\t\t\t\t\t\t<\/a>\n\t\t\t\t\t\t\t\t\t<\/li>\n\t\t\t\t\t\t\t\t<li class=\"elementor-icon-list-item\">\n\t\t\t\t\t\t\t\t\t\t\t<a href=\"mailto:jeremiah@globalautoimports.eu\/usa\">\n\n\t\t\t\t\t\t\t\t\t\t\t\t<span class=\"elementor-icon-list-icon\">\n\t\t\t\t\t\t\t<i aria-hidden=\"true\" class=\"fas fa-envelope-open-text\"><\/i>\t\t\t\t\t\t<\/span>\n\t\t\t\t\t\t\t\t\t\t<span class=\"elementor-icon-list-text\">USA biuro zakup\u00f3w : jeremiah@globalautoimports.eu<\/span>\n\t\t\t\t\t\t\t\t\t\t\t<\/a>\n\t\t\t\t\t\t\t\t\t<\/li>\n\t\t\t\t\t\t<\/ul>\n\t\t\t\t\t\t<\/div>\n\t\t\t\t<\/div>\n\t\t\t\t<div class=\"elementor-element elementor-element-e909793 elementor-widget elementor-widget-text-editor\" data-id=\"e909793\" data-element_type=\"widget\" data-e-type=\"widget\" data-widget_type=\"text-editor.default\">\n\t\t\t\t<div class=\"elementor-widget-container\">\n\t\t\t\t\t\t\t\t\t<h4>Adres<\/h4>\t\t\t\t\t\t\t\t<\/div>\n\t\t\t\t<\/div>\n\t\t\t\t<div class=\"elementor-element elementor-element-e53d7eb elementor-align-start elementor-icon-list--layout-traditional elementor-list-item-link-full_width elementor-widget elementor-widget-icon-list\" data-id=\"e53d7eb\" data-element_type=\"widget\" data-e-type=\"widget\" data-widget_type=\"icon-list.default\">\n\t\t\t\t<div class=\"elementor-widget-container\">\n\t\t\t\t\t\t\t<ul class=\"elementor-icon-list-items\">\n\t\t\t\t\t\t\t<li class=\"elementor-icon-list-item\">\n\t\t\t\t\t\t\t\t\t\t\t<span class=\"elementor-icon-list-icon\">\n\t\t\t\t\t\t\t<i aria-hidden=\"true\" class=\"fas fa-map-pin\"><\/i>\t\t\t\t\t\t<\/span>\n\t\t\t\t\t\t\t\t\t\t<span class=\"elementor-icon-list-text\">st. Reformat\u00f3w 7\/2, 84-200 Wejherowo<\/span>\n\t\t\t\t\t\t\t\t\t<\/li>\n\t\t\t\t\t\t<\/ul>\n\t\t\t\t\t\t<\/div>\n\t\t\t\t<\/div>\n\t\t\t\t\t<\/div>\n\t\t<\/div>\n\t\t\t\t\t<\/div>\n\t\t<\/section>\n\t\t\t\t\t<\/div>\n\t\t<\/div>\n\t\t\t\t\t<\/div>\n\t\t<\/section>\n\t\t\t\t<\/div>\n\t\t","protected":false},"excerpt":{"rendered":"<p>Napisz lub zadzwo\u0144 i zapytaj o Tw\u00f3j samoch\u00f3d z USA. Wsp\u00f3\u0142pracujemy z firmami w ca\u0142ej Polsce i Europie. Mo\u017cemy kupi\u0107 dla Ciebie samoch\u00f3d lub cz\u0119\u015bci w dowolnym miejscu w USA i dostarczy\u0107 pod dowolny adres w Europie.&nbsp; Telefony Dzia\u0142 licytacji: +48 534 050 764 E-mail Zapytania : info@globalautoimports.eu Dzia\u0142a Obs\u0142ugi Klienta : blake@globalautoimports.eu USA biuro zakup\u00f3w : wayne@globalautoimports.eu USA biuro zakup\u00f3w : jeremiah@globalautoimports.eu Adres st. Reformat\u00f3w 7\/2, 84-200 Wejherowo<\/p>\n","protected":false},"author":1,"featured_media":0,"parent":0,"menu_order":0,"comment_status":"closed","ping_status":"closed","template":"elementor_header_footer","meta":{"_eb_attr":"","footnotes":""},"class_list":["post-1957","page","type-page","status-publish","hentry"],"yoast_head":"<!-- This site is optimized with the Yoast SEO plugin v27.3 - https:\/\/yoast.com\/product\/yoast-seo-wordpress\/ -->\n<title>Kontakt - USA Global Auto Imports<\/title>\n<meta name=\"robots\" content=\"index, follow, max-snippet:-1, max-image-preview:large, max-video-preview:-1\" \/>\n<link rel=\"canonical\" href=\"https:\/\/globalautoimports.eu\/usa\/kontakt\/\" \/>\n<meta property=\"og:locale\" content=\"en_GB\" \/>\n<meta property=\"og:type\" content=\"article\" \/>\n<meta property=\"og:title\" content=\"Kontakt - USA Global Auto Imports\" \/>\n<meta property=\"og:description\" content=\"Napisz lub zadzwo\u0144 i zapytaj o Tw\u00f3j samoch\u00f3d z USA. Wsp\u00f3\u0142pracujemy z firmami w ca\u0142ej Polsce i Europie. Mo\u017cemy kupi\u0107 dla Ciebie samoch\u00f3d lub cz\u0119\u015bci w dowolnym miejscu w USA i dostarczy\u0107 pod dowolny adres w Europie.&nbsp; Telefony Dzia\u0142 licytacji: +48 534 050 764 E-mail Zapytania : info@globalautoimports.eu Dzia\u0142a Obs\u0142ugi Klienta : blake@globalautoimports.eu USA biuro zakup\u00f3w : wayne@globalautoimports.eu USA biuro zakup\u00f3w : jeremiah@globalautoimports.eu Adres st. Reformat\u00f3w 7\/2, 84-200 Wejherowo\" \/>\n<meta property=\"og:url\" content=\"https:\/\/globalautoimports.eu\/usa\/kontakt\/\" \/>\n<meta property=\"og:site_name\" content=\"USA Global Auto Imports\" \/>\n<meta property=\"article:modified_time\" content=\"2025-03-28T11:53:01+00:00\" \/>\n<meta name=\"twitter:card\" content=\"summary_large_image\" \/>\n<meta name=\"twitter:label1\" content=\"Estimated reading time\" \/>\n\t<meta name=\"twitter:data1\" content=\"1 minute\" \/>\n<script type=\"application\/ld+json\" class=\"yoast-schema-graph\">{\"@context\":\"https:\\\/\\\/schema.org\",\"@graph\":[{\"@type\":\"WebPage\",\"@id\":\"https:\\\/\\\/globalautoimports.eu\\\/usa\\\/kontakt\\\/\",\"url\":\"https:\\\/\\\/globalautoimports.eu\\\/usa\\\/kontakt\\\/\",\"name\":\"Kontakt - USA Global Auto Imports\",\"isPartOf\":{\"@id\":\"https:\\\/\\\/globalautoimports.eu\\\/usa\\\/#website\"},\"datePublished\":\"2023-05-04T15:08:18+00:00\",\"dateModified\":\"2025-03-28T11:53:01+00:00\",\"breadcrumb\":{\"@id\":\"https:\\\/\\\/globalautoimports.eu\\\/usa\\\/kontakt\\\/#breadcrumb\"},\"inLanguage\":\"en-GB\",\"potentialAction\":[{\"@type\":\"ReadAction\",\"target\":[\"https:\\\/\\\/globalautoimports.eu\\\/usa\\\/kontakt\\\/\"]}]},{\"@type\":\"BreadcrumbList\",\"@id\":\"https:\\\/\\\/globalautoimports.eu\\\/usa\\\/kontakt\\\/#breadcrumb\",\"itemListElement\":[{\"@type\":\"ListItem\",\"position\":1,\"name\":\"Home\",\"item\":\"https:\\\/\\\/globalautoimports.eu\\\/usa\\\/\"},{\"@type\":\"ListItem\",\"position\":2,\"name\":\"Kontakt\"}]},{\"@type\":\"WebSite\",\"@id\":\"https:\\\/\\\/globalautoimports.eu\\\/usa\\\/#website\",\"url\":\"https:\\\/\\\/globalautoimports.eu\\\/usa\\\/\",\"name\":\"USA Global Auto Imports\",\"description\":\"Import aut z USA\",\"potentialAction\":[{\"@type\":\"SearchAction\",\"target\":{\"@type\":\"EntryPoint\",\"urlTemplate\":\"https:\\\/\\\/globalautoimports.eu\\\/usa\\\/?s={search_term_string}\"},\"query-input\":{\"@type\":\"PropertyValueSpecification\",\"valueRequired\":true,\"valueName\":\"search_term_string\"}}],\"inLanguage\":\"en-GB\"}]}<\/script>\n<!-- \/ Yoast SEO plugin. -->","yoast_head_json":{"title":"Kontakt - USA Global Auto Imports","robots":{"index":"index","follow":"follow","max-snippet":"max-snippet:-1","max-image-preview":"max-image-preview:large","max-video-preview":"max-video-preview:-1"},"canonical":"https:\/\/globalautoimports.eu\/usa\/kontakt\/","og_locale":"en_GB","og_type":"article","og_title":"Kontakt - USA Global Auto Imports","og_description":"Napisz lub zadzwo\u0144 i zapytaj o Tw\u00f3j samoch\u00f3d z USA. Wsp\u00f3\u0142pracujemy z firmami w ca\u0142ej Polsce i Europie. Mo\u017cemy kupi\u0107 dla Ciebie samoch\u00f3d lub cz\u0119\u015bci w dowolnym miejscu w USA i dostarczy\u0107 pod dowolny adres w Europie.&nbsp; Telefony Dzia\u0142 licytacji: +48 534 050 764 E-mail Zapytania : info@globalautoimports.eu Dzia\u0142a Obs\u0142ugi Klienta : blake@globalautoimports.eu USA biuro zakup\u00f3w : wayne@globalautoimports.eu USA biuro zakup\u00f3w : jeremiah@globalautoimports.eu Adres st. Reformat\u00f3w 7\/2, 84-200 Wejherowo","og_url":"https:\/\/globalautoimports.eu\/usa\/kontakt\/","og_site_name":"USA Global Auto Imports","article_modified_time":"2025-03-28T11:53:01+00:00","twitter_card":"summary_large_image","twitter_misc":{"Estimated reading time":"1 minute"},"schema":{"@context":"https:\/\/schema.org","@graph":[{"@type":"WebPage","@id":"https:\/\/globalautoimports.eu\/usa\/kontakt\/","url":"https:\/\/globalautoimports.eu\/usa\/kontakt\/","name":"Kontakt - USA Global Auto Imports","isPartOf":{"@id":"https:\/\/globalautoimports.eu\/usa\/#website"},"datePublished":"2023-05-04T15:08:18+00:00","dateModified":"2025-03-28T11:53:01+00:00","breadcrumb":{"@id":"https:\/\/globalautoimports.eu\/usa\/kontakt\/#breadcrumb"},"inLanguage":"en-GB","potentialAction":[{"@type":"ReadAction","target":["https:\/\/globalautoimports.eu\/usa\/kontakt\/"]}]},{"@type":"BreadcrumbList","@id":"https:\/\/globalautoimports.eu\/usa\/kontakt\/#breadcrumb","itemListElement":[{"@type":"ListItem","position":1,"name":"Home","item":"https:\/\/globalautoimports.eu\/usa\/"},{"@type":"ListItem","position":2,"name":"Kontakt"}]},{"@type":"WebSite","@id":"https:\/\/globalautoimports.eu\/usa\/#website","url":"https:\/\/globalautoimports.eu\/usa\/","name":"USA Global Auto Imports","description":"Import aut z USA","potentialAction":[{"@type":"SearchAction","target":{"@type":"EntryPoint","urlTemplate":"https:\/\/globalautoimports.eu\/usa\/?s={search_term_string}"},"query-input":{"@type":"PropertyValueSpecification","valueRequired":true,"valueName":"search_term_string"}}],"inLanguage":"en-GB"}]}},"_links":{"self":[{"href":"https:\/\/globalautoimports.eu\/usa\/wp-json\/wp\/v2\/pages\/1957","targetHints":{"allow":["GET"]}}],"collection":[{"href":"https:\/\/globalautoimports.eu\/usa\/wp-json\/wp\/v2\/pages"}],"about":[{"href":"https:\/\/globalautoimports.eu\/usa\/wp-json\/wp\/v2\/types\/page"}],"author":[{"embeddable":true,"href":"https:\/\/globalautoimports.eu\/usa\/wp-json\/wp\/v2\/users\/1"}],"replies":[{"embeddable":true,"href":"https:\/\/globalautoimports.eu\/usa\/wp-json\/wp\/v2\/comments?post=1957"}],"version-history":[{"count":28,"href":"https:\/\/globalautoimports.eu\/usa\/wp-json\/wp\/v2\/pages\/1957\/revisions"}],"predecessor-version":[{"id":3093,"href":"https:\/\/globalautoimports.eu\/usa\/wp-json\/wp\/v2\/pages\/1957\/revisions\/3093"}],"wp:attachment":[{"href":"https:\/\/globalautoimports.eu\/usa\/wp-json\/wp\/v2\/media?parent=1957"}],"curies":[{"name":"wp","href":"https:\/\/api.w.org\/{rel}","templated":true}]}}