{"id":1953,"date":"2023-11-16T18:57:22","date_gmt":"2023-11-16T17:57:22","guid":{"rendered":"https:\/\/globalautoimports.eu\/usa\/?page_id=1953"},"modified":"2023-12-01T09:18:16","modified_gmt":"2023-12-01T08:18:16","slug":"o-firmie","status":"publish","type":"page","link":"https:\/\/globalautoimports.eu\/usa\/o-firmie\/","title":{"rendered":"O firmie"},"content":{"rendered":"\t\t<div data-elementor-type=\"wp-page\" data-elementor-id=\"1953\" class=\"elementor elementor-1953\">\n\t\t\t\t\t\t<section class=\"elementor-section elementor-top-section elementor-element elementor-element-011492a elementor-section-full_width elementor-section-height-default elementor-section-height-default wpr-particle-no wpr-jarallax-no wpr-parallax-no wpr-sticky-section-no\" data-id=\"011492a\" data-element_type=\"section\" data-e-type=\"section\">\n\t\t\t\t\t\t<div class=\"elementor-container elementor-column-gap-wide\">\n\t\t\t\t\t<div class=\"elementor-column elementor-col-100 elementor-top-column elementor-element elementor-element-57f8492\" data-id=\"57f8492\" data-element_type=\"column\" data-e-type=\"column\">\n\t\t\t<div class=\"elementor-widget-wrap elementor-element-populated\">\n\t\t\t\t\t\t<section class=\"elementor-section elementor-inner-section elementor-element elementor-element-f677b20 elementor-section-boxed elementor-section-height-default elementor-section-height-default wpr-particle-no wpr-jarallax-no wpr-parallax-no wpr-sticky-section-no\" data-id=\"f677b20\" data-element_type=\"section\" data-e-type=\"section\">\n\t\t\t\t\t\t<div class=\"elementor-container elementor-column-gap-default\">\n\t\t\t\t\t<div class=\"elementor-column elementor-col-50 elementor-inner-column elementor-element elementor-element-6389e3c\" data-id=\"6389e3c\" data-element_type=\"column\" data-e-type=\"column\">\n\t\t\t<div class=\"elementor-widget-wrap elementor-element-populated\">\n\t\t\t\t\t\t<div class=\"elementor-element elementor-element-2e7be7e elementor-widget elementor-widget-image\" data-id=\"2e7be7e\" data-element_type=\"widget\" data-e-type=\"widget\" data-widget_type=\"image.default\">\n\t\t\t\t<div class=\"elementor-widget-container\">\n\t\t\t\t\t\t\t\t\t\t\t\t\t\t\t<img fetchpriority=\"high\" decoding=\"async\" width=\"800\" height=\"457\" src=\"https:\/\/globalautoimports.eu\/usa\/wp-content\/uploads\/sites\/11\/2023\/03\/about-min-1-1024x585.png\" class=\"attachment-large size-large wp-image-590\" alt=\"Global Auto Imports\" srcset=\"https:\/\/globalautoimports.eu\/usa\/wp-content\/uploads\/sites\/11\/2023\/03\/about-min-1-1024x585.png 1024w, https:\/\/globalautoimports.eu\/usa\/wp-content\/uploads\/sites\/11\/2023\/03\/about-min-1-300x171.png 300w, https:\/\/globalautoimports.eu\/usa\/wp-content\/uploads\/sites\/11\/2023\/03\/about-min-1-768x438.png 768w, https:\/\/globalautoimports.eu\/usa\/wp-content\/uploads\/sites\/11\/2023\/03\/about-min-1-1536x877.png 1536w, https:\/\/globalautoimports.eu\/usa\/wp-content\/uploads\/sites\/11\/2023\/03\/about-min-1.png 1920w\" sizes=\"(max-width: 800px) 100vw, 800px\" \/>\t\t\t\t\t\t\t\t\t\t\t\t\t\t\t<\/div>\n\t\t\t\t<\/div>\n\t\t\t\t<div class=\"elementor-element elementor-element-bf75694 elementor-hidden-mobile elementor-widget elementor-widget-counter\" data-id=\"bf75694\" data-element_type=\"widget\" data-e-type=\"widget\" data-widget_type=\"counter.default\">\n\t\t\t\t<div class=\"elementor-widget-container\">\n\t\t\t\t\t\t\t<div class=\"elementor-counter\">\n\t\t\t<div class=\"elementor-counter-title\">Lat w bran\u017cy motoryzacyjnej<\/div>\t\t\t<div class=\"elementor-counter-number-wrapper\">\n\t\t\t\t<span class=\"elementor-counter-number-prefix\"><\/span>\n\t\t\t\t<span class=\"elementor-counter-number\" data-duration=\"2000\" data-to-value=\"10\" data-from-value=\"0\" data-delimiter=\",\">0<\/span>\n\t\t\t\t<span class=\"elementor-counter-number-suffix\"><\/span>\n\t\t\t<\/div>\n\t\t<\/div>\n\t\t\t\t\t\t<\/div>\n\t\t\t\t<\/div>\n\t\t\t\t<div class=\"elementor-element elementor-element-9cb4daf elementor-hidden-mobile elementor-widget elementor-widget-counter\" data-id=\"9cb4daf\" data-element_type=\"widget\" data-e-type=\"widget\" data-widget_type=\"counter.default\">\n\t\t\t\t<div class=\"elementor-widget-container\">\n\t\t\t\t\t\t\t<div class=\"elementor-counter\">\n\t\t\t<div class=\"elementor-counter-title\">Lat importujemy auta z Anglii<\/div>\t\t\t<div class=\"elementor-counter-number-wrapper\">\n\t\t\t\t<span class=\"elementor-counter-number-prefix\"><\/span>\n\t\t\t\t<span class=\"elementor-counter-number\" data-duration=\"2000\" data-to-value=\"7\" data-from-value=\"0\" data-delimiter=\",\">0<\/span>\n\t\t\t\t<span class=\"elementor-counter-number-suffix\"><\/span>\n\t\t\t<\/div>\n\t\t<\/div>\n\t\t\t\t\t\t<\/div>\n\t\t\t\t<\/div>\n\t\t\t\t\t<\/div>\n\t\t<\/div>\n\t\t\t\t<div class=\"elementor-column elementor-col-50 elementor-inner-column elementor-element elementor-element-5ea27db\" data-id=\"5ea27db\" data-element_type=\"column\" data-e-type=\"column\">\n\t\t\t<div class=\"elementor-widget-wrap elementor-element-populated\">\n\t\t\t\t\t\t<div class=\"elementor-element elementor-element-4a208c7 elementor-widget elementor-widget-text-editor\" data-id=\"4a208c7\" data-element_type=\"widget\" data-e-type=\"widget\" data-widget_type=\"text-editor.default\">\n\t\t\t\t<div class=\"elementor-widget-container\">\n\t\t\t\t\t\t\t\t\t<h1>Nam mo\u017cesz zaufa\u0107<\/h1>\t\t\t\t\t\t\t\t<\/div>\n\t\t\t\t<\/div>\n\t\t\t\t<div class=\"elementor-element elementor-element-a32ca7a elementor-widget elementor-widget-text-editor\" data-id=\"a32ca7a\" data-element_type=\"widget\" data-e-type=\"widget\" data-widget_type=\"text-editor.default\">\n\t\t\t\t<div class=\"elementor-widget-container\">\n\t\t\t\t\t\t\t\t\t<p>Nasza przygoda z bran\u017c\u0105 motoryzacyjn\u0105 zacz\u0119\u0142a si\u0119 ponad 10 lat temu i trwa nieprzerwanie do dzi\u015b. Pocz\u0105tkowo jedynie pomagali\u015bmy naszym najbli\u017cszym i przyjacio\u0142om w bezpiecznym i szybkim imporcie samochod\u00f3w z Wielkiej Brytanii do Polski. Szybko jednak si\u0119 zorientowali\u015bmy, \u017ce realizacja zlece\u0144 importowych bardzo nam odpowiada. Dobrze wykonywali\u015bmy swoje zadanie, a nabywcy z zadowoleniem chwalili nasze us\u0142ugi.<\/p><p>Mieli\u015bmy odpowiednie zasoby, kompetencje i ogromne pok\u0142ady energii do pracy \u2013 wi\u0119c nie zastanawiaj\u0105c si\u0119 d\u0142ugo, podj\u0119li\u015bmy decyzj\u0119 o dalszym rozwoju.<\/p><p>Dzi\u015b z sukcesem zajmujemy si\u0119 zakupem i importem samochod\u00f3w z USA, Niemiec, Hiszpanii i innych kraj\u00f3w Europy.\u00a0<\/p>\t\t\t\t\t\t\t\t<\/div>\n\t\t\t\t<\/div>\n\t\t\t\t<div class=\"elementor-element elementor-element-1742251 elementor-hidden-desktop elementor-hidden-tablet elementor-widget elementor-widget-counter\" data-id=\"1742251\" data-element_type=\"widget\" data-e-type=\"widget\" data-widget_type=\"counter.default\">\n\t\t\t\t<div class=\"elementor-widget-container\">\n\t\t\t\t\t\t\t<div class=\"elementor-counter\">\n\t\t\t<div class=\"elementor-counter-title\">Years in the automotive industry<\/div>\t\t\t<div class=\"elementor-counter-number-wrapper\">\n\t\t\t\t<span class=\"elementor-counter-number-prefix\"><\/span>\n\t\t\t\t<span class=\"elementor-counter-number\" data-duration=\"2000\" data-to-value=\"10\" data-from-value=\"0\" data-delimiter=\",\">0<\/span>\n\t\t\t\t<span class=\"elementor-counter-number-suffix\"><\/span>\n\t\t\t<\/div>\n\t\t<\/div>\n\t\t\t\t\t\t<\/div>\n\t\t\t\t<\/div>\n\t\t\t\t<div class=\"elementor-element elementor-element-f9f2458 elementor-widget elementor-widget-text-editor\" data-id=\"f9f2458\" data-element_type=\"widget\" data-e-type=\"widget\" data-widget_type=\"text-editor.default\">\n\t\t\t\t<div class=\"elementor-widget-container\">\n\t\t\t\t\t\t\t\t\t<h1>Kim jeste\u015bmy?<\/h1>\t\t\t\t\t\t\t\t<\/div>\n\t\t\t\t<\/div>\n\t\t\t\t<div class=\"elementor-element elementor-element-2bedc1b elementor-widget elementor-widget-text-editor\" data-id=\"2bedc1b\" data-element_type=\"widget\" data-e-type=\"widget\" data-widget_type=\"text-editor.default\">\n\t\t\t\t<div class=\"elementor-widget-container\">\n\t\t\t\t\t\t\t\t\t<p>Obecnie mamy ju\u017c ponad 7 lat do\u015bwiadczenia w sprowadzaniu samochod\u00f3w z Wysp Brytyjskich. Nawi\u0105zali\u015bmy wsp\u00f3\u0142prac\u0119 z firmami motoryzacyjnymi na terenie ca\u0142ej Europy, dzi\u0119ki czemu mo\u017cemy zaoferowa\u0107 transport nie tylko do Polski, lecz w dowolne miejsce na terenie Unii Europejskiej.<\/p>\t\t\t\t\t\t\t\t<\/div>\n\t\t\t\t<\/div>\n\t\t\t\t<div class=\"elementor-element elementor-element-e3e9f31 elementor-hidden-desktop elementor-hidden-tablet elementor-widget elementor-widget-counter\" data-id=\"e3e9f31\" data-element_type=\"widget\" data-e-type=\"widget\" data-widget_type=\"counter.default\">\n\t\t\t\t<div class=\"elementor-widget-container\">\n\t\t\t\t\t\t\t<div class=\"elementor-counter\">\n\t\t\t<div class=\"elementor-counter-title\">Years we have been importing cars from England<\/div>\t\t\t<div class=\"elementor-counter-number-wrapper\">\n\t\t\t\t<span class=\"elementor-counter-number-prefix\"><\/span>\n\t\t\t\t<span class=\"elementor-counter-number\" data-duration=\"2000\" data-to-value=\"7\" data-from-value=\"0\" data-delimiter=\",\">0<\/span>\n\t\t\t\t<span class=\"elementor-counter-number-suffix\"><\/span>\n\t\t\t<\/div>\n\t\t<\/div>\n\t\t\t\t\t\t<\/div>\n\t\t\t\t<\/div>\n\t\t\t\t\t<\/div>\n\t\t<\/div>\n\t\t\t\t\t<\/div>\n\t\t<\/section>\n\t\t\t\t\t<\/div>\n\t\t<\/div>\n\t\t\t\t\t<\/div>\n\t\t<\/section>\n\t\t\t\t<section class=\"elementor-section elementor-top-section elementor-element elementor-element-f0e803a elementor-section-full_width elementor-section-height-default elementor-section-height-default wpr-particle-no wpr-jarallax-no wpr-parallax-no wpr-sticky-section-no\" data-id=\"f0e803a\" data-element_type=\"section\" data-e-type=\"section\" data-settings=\"{&quot;background_background&quot;:&quot;classic&quot;}\">\n\t\t\t\t\t\t<div class=\"elementor-container elementor-column-gap-wide\">\n\t\t\t\t\t<div class=\"elementor-column elementor-col-100 elementor-top-column elementor-element elementor-element-f860458\" data-id=\"f860458\" data-element_type=\"column\" data-e-type=\"column\">\n\t\t\t<div class=\"elementor-widget-wrap elementor-element-populated\">\n\t\t\t\t\t\t<section class=\"elementor-section elementor-inner-section elementor-element elementor-element-cbabf98 elementor-section-boxed elementor-section-height-default elementor-section-height-default wpr-particle-no wpr-jarallax-no wpr-parallax-no wpr-sticky-section-no\" data-id=\"cbabf98\" data-element_type=\"section\" data-e-type=\"section\">\n\t\t\t\t\t\t<div class=\"elementor-container elementor-column-gap-default\">\n\t\t\t\t\t<div class=\"elementor-column elementor-col-50 elementor-inner-column elementor-element elementor-element-1034e0a\" data-id=\"1034e0a\" data-element_type=\"column\" data-e-type=\"column\">\n\t\t\t<div class=\"elementor-widget-wrap elementor-element-populated\">\n\t\t\t\t\t\t<div class=\"elementor-element elementor-element-727fb1d elementor-widget elementor-widget-text-editor\" data-id=\"727fb1d\" data-element_type=\"widget\" data-e-type=\"widget\" data-widget_type=\"text-editor.default\">\n\t\t\t\t<div class=\"elementor-widget-container\">\n\t\t\t\t\t\t\t\t\t<h1>Szukasz firmy, kt\u00f3rej mo\u017cesz zaufa\u0107?<\/h1>\t\t\t\t\t\t\t\t<\/div>\n\t\t\t\t<\/div>\n\t\t\t\t<div class=\"elementor-element elementor-element-d787216 elementor-widget elementor-widget-text-editor\" data-id=\"d787216\" data-element_type=\"widget\" data-e-type=\"widget\" data-widget_type=\"text-editor.default\">\n\t\t\t\t<div class=\"elementor-widget-container\">\n\t\t\t\t\t\t\t\t\t<p>Je\u015bli chcesz porozmawia\u0107 o wsp\u00f3\u0142pracy \u2013 skontaktuj si\u0119 z nami!<br \/>Gwarantujemy Ci obs\u0142ug\u0119 na najwy\u017cszym poziomie i profesjonalne doradztwo.<\/p>\t\t\t\t\t\t\t\t<\/div>\n\t\t\t\t<\/div>\n\t\t\t\t\t<\/div>\n\t\t<\/div>\n\t\t\t\t<div class=\"elementor-column elementor-col-50 elementor-inner-column elementor-element elementor-element-8885bf7\" data-id=\"8885bf7\" data-element_type=\"column\" data-e-type=\"column\">\n\t\t\t<div class=\"elementor-widget-wrap elementor-element-populated\">\n\t\t\t\t\t\t<div class=\"elementor-element elementor-element-7b95fd58 elementor-align-center elementor-widget elementor-widget-button\" data-id=\"7b95fd58\" data-element_type=\"widget\" data-e-type=\"widget\" data-widget_type=\"button.default\">\n\t\t\t\t<div class=\"elementor-widget-container\">\n\t\t\t\t\t\t\t\t\t<div class=\"elementor-button-wrapper\">\n\t\t\t\t\t<a class=\"elementor-button elementor-button-link elementor-size-sm\" href=\"https:\/\/globalautoimports.eu\/usa\/index.php\/contact-us\/\">\n\t\t\t\t\t\t<span class=\"elementor-button-content-wrapper\">\n\t\t\t\t\t\t\t\t\t<span class=\"elementor-button-text\">ZAPYTAJ O SZCZEG\u00d3\u0141Y<\/span>\n\t\t\t\t\t<\/span>\n\t\t\t\t\t<\/a>\n\t\t\t\t<\/div>\n\t\t\t\t\t\t\t\t<\/div>\n\t\t\t\t<\/div>\n\t\t\t\t\t<\/div>\n\t\t<\/div>\n\t\t\t\t\t<\/div>\n\t\t<\/section>\n\t\t\t\t\t<\/div>\n\t\t<\/div>\n\t\t\t\t\t<\/div>\n\t\t<\/section>\n\t\t\t\t<\/div>\n\t\t","protected":false},"excerpt":{"rendered":"<p>0 Lat w bran\u017cy motoryzacyjnej 0 Lat importujemy auta z Anglii Nam mo\u017cesz zaufa\u0107 Nasza przygoda z bran\u017c\u0105 motoryzacyjn\u0105 zacz\u0119\u0142a si\u0119 ponad 10 lat temu i trwa nieprzerwanie do dzi\u015b. Pocz\u0105tkowo jedynie pomagali\u015bmy naszym najbli\u017cszym i przyjacio\u0142om w bezpiecznym i szybkim imporcie samochod\u00f3w z Wielkiej Brytanii do Polski. Szybko jednak si\u0119 zorientowali\u015bmy, \u017ce realizacja zlece\u0144 importowych bardzo nam odpowiada. Dobrze wykonywali\u015bmy swoje zadanie, a nabywcy z zadowoleniem chwalili nasze us\u0142ugi. Mieli\u015bmy odpowiednie zasoby, kompetencje i ogromne pok\u0142ady energii do pracy \u2013 wi\u0119c nie zastanawiaj\u0105c si\u0119 d\u0142ugo, podj\u0119li\u015bmy decyzj\u0119 o dalszym rozwoju. Dzi\u015b z sukcesem zajmujemy si\u0119 zakupem i importem samochod\u00f3w z USA, Niemiec, Hiszpanii i innych kraj\u00f3w Europy.\u00a0 0 Years in the automotive industry Kim jeste\u015bmy? Obecnie mamy ju\u017c ponad 7 lat do\u015bwiadczenia w sprowadzaniu samochod\u00f3w z Wysp Brytyjskich. Nawi\u0105zali\u015bmy wsp\u00f3\u0142prac\u0119 z firmami motoryzacyjnymi na terenie ca\u0142ej Europy, dzi\u0119ki czemu mo\u017cemy zaoferowa\u0107 transport nie tylko do Polski, lecz w dowolne miejsce na terenie Unii Europejskiej. 0 Years we have been importing cars from England Szukasz firmy, kt\u00f3rej mo\u017cesz zaufa\u0107? Je\u015bli chcesz porozmawia\u0107 o wsp\u00f3\u0142pracy \u2013 skontaktuj si\u0119 z nami!Gwarantujemy Ci obs\u0142ug\u0119 na najwy\u017cszym poziomie i profesjonalne doradztwo. ZAPYTAJ O SZCZEG\u00d3\u0141Y<\/p>\n","protected":false},"author":1,"featured_media":0,"parent":0,"menu_order":0,"comment_status":"closed","ping_status":"closed","template":"elementor_header_footer","meta":{"_eb_attr":"","footnotes":""},"class_list":["post-1953","page","type-page","status-publish","hentry"],"yoast_head":"<!-- This site is optimized with the Yoast SEO plugin v27.3 - https:\/\/yoast.com\/product\/yoast-seo-wordpress\/ -->\n<title>O firmie - USA Global Auto Imports<\/title>\n<meta name=\"robots\" content=\"index, follow, max-snippet:-1, max-image-preview:large, max-video-preview:-1\" \/>\n<link rel=\"canonical\" href=\"https:\/\/globalautoimports.eu\/usa\/o-firmie\/\" \/>\n<meta property=\"og:locale\" content=\"en_GB\" \/>\n<meta property=\"og:type\" content=\"article\" \/>\n<meta property=\"og:title\" content=\"O firmie - USA Global Auto Imports\" \/>\n<meta property=\"og:description\" content=\"0 Lat w bran\u017cy motoryzacyjnej 0 Lat importujemy auta z Anglii Nam mo\u017cesz zaufa\u0107 Nasza przygoda z bran\u017c\u0105 motoryzacyjn\u0105 zacz\u0119\u0142a si\u0119 ponad 10 lat temu i trwa nieprzerwanie do dzi\u015b. Pocz\u0105tkowo jedynie pomagali\u015bmy naszym najbli\u017cszym i przyjacio\u0142om w bezpiecznym i szybkim imporcie samochod\u00f3w z Wielkiej Brytanii do Polski. Szybko jednak si\u0119 zorientowali\u015bmy, \u017ce realizacja zlece\u0144 importowych bardzo nam odpowiada. Dobrze wykonywali\u015bmy swoje zadanie, a nabywcy z zadowoleniem chwalili nasze us\u0142ugi. Mieli\u015bmy odpowiednie zasoby, kompetencje i ogromne pok\u0142ady energii do pracy \u2013 wi\u0119c nie zastanawiaj\u0105c si\u0119 d\u0142ugo, podj\u0119li\u015bmy decyzj\u0119 o dalszym rozwoju. Dzi\u015b z sukcesem zajmujemy si\u0119 zakupem i importem samochod\u00f3w z USA, Niemiec, Hiszpanii i innych kraj\u00f3w Europy.\u00a0 0 Years in the automotive industry Kim jeste\u015bmy? Obecnie mamy ju\u017c ponad 7 lat do\u015bwiadczenia w sprowadzaniu samochod\u00f3w z Wysp Brytyjskich. Nawi\u0105zali\u015bmy wsp\u00f3\u0142prac\u0119 z firmami motoryzacyjnymi na terenie ca\u0142ej Europy, dzi\u0119ki czemu mo\u017cemy zaoferowa\u0107 transport nie tylko do Polski, lecz w dowolne miejsce na terenie Unii Europejskiej. 0 Years we have been importing cars from England Szukasz firmy, kt\u00f3rej mo\u017cesz zaufa\u0107? Je\u015bli chcesz porozmawia\u0107 o wsp\u00f3\u0142pracy \u2013 skontaktuj si\u0119 z nami!Gwarantujemy Ci obs\u0142ug\u0119 na najwy\u017cszym poziomie i profesjonalne doradztwo. ZAPYTAJ O SZCZEG\u00d3\u0141Y\" \/>\n<meta property=\"og:url\" content=\"https:\/\/globalautoimports.eu\/usa\/o-firmie\/\" \/>\n<meta property=\"og:site_name\" content=\"USA Global Auto Imports\" \/>\n<meta property=\"article:modified_time\" content=\"2023-12-01T08:18:16+00:00\" \/>\n<meta property=\"og:image\" content=\"https:\/\/globalautoimports.eu\/usa\/wp-content\/uploads\/sites\/11\/2023\/03\/about-min-1-1024x585.png\" \/>\n<meta name=\"twitter:card\" content=\"summary_large_image\" \/>\n<meta name=\"twitter:label1\" content=\"Estimated reading time\" \/>\n\t<meta name=\"twitter:data1\" content=\"2 minutes\" \/>\n<script type=\"application\/ld+json\" class=\"yoast-schema-graph\">{\"@context\":\"https:\\\/\\\/schema.org\",\"@graph\":[{\"@type\":\"WebPage\",\"@id\":\"https:\\\/\\\/globalautoimports.eu\\\/usa\\\/o-firmie\\\/\",\"url\":\"https:\\\/\\\/globalautoimports.eu\\\/usa\\\/o-firmie\\\/\",\"name\":\"O firmie - USA Global Auto Imports\",\"isPartOf\":{\"@id\":\"https:\\\/\\\/globalautoimports.eu\\\/usa\\\/#website\"},\"primaryImageOfPage\":{\"@id\":\"https:\\\/\\\/globalautoimports.eu\\\/usa\\\/o-firmie\\\/#primaryimage\"},\"image\":{\"@id\":\"https:\\\/\\\/globalautoimports.eu\\\/usa\\\/o-firmie\\\/#primaryimage\"},\"thumbnailUrl\":\"https:\\\/\\\/globalautoimports.eu\\\/usa\\\/wp-content\\\/uploads\\\/sites\\\/11\\\/2023\\\/03\\\/about-min-1-1024x585.png\",\"datePublished\":\"2023-11-16T17:57:22+00:00\",\"dateModified\":\"2023-12-01T08:18:16+00:00\",\"breadcrumb\":{\"@id\":\"https:\\\/\\\/globalautoimports.eu\\\/usa\\\/o-firmie\\\/#breadcrumb\"},\"inLanguage\":\"en-GB\",\"potentialAction\":[{\"@type\":\"ReadAction\",\"target\":[\"https:\\\/\\\/globalautoimports.eu\\\/usa\\\/o-firmie\\\/\"]}]},{\"@type\":\"ImageObject\",\"inLanguage\":\"en-GB\",\"@id\":\"https:\\\/\\\/globalautoimports.eu\\\/usa\\\/o-firmie\\\/#primaryimage\",\"url\":\"https:\\\/\\\/globalautoimports.eu\\\/usa\\\/wp-content\\\/uploads\\\/sites\\\/11\\\/2023\\\/03\\\/about-min-1.png\",\"contentUrl\":\"https:\\\/\\\/globalautoimports.eu\\\/usa\\\/wp-content\\\/uploads\\\/sites\\\/11\\\/2023\\\/03\\\/about-min-1.png\",\"width\":1920,\"height\":1096,\"caption\":\"Global Auto Imports\"},{\"@type\":\"BreadcrumbList\",\"@id\":\"https:\\\/\\\/globalautoimports.eu\\\/usa\\\/o-firmie\\\/#breadcrumb\",\"itemListElement\":[{\"@type\":\"ListItem\",\"position\":1,\"name\":\"Home\",\"item\":\"https:\\\/\\\/globalautoimports.eu\\\/usa\\\/\"},{\"@type\":\"ListItem\",\"position\":2,\"name\":\"O firmie\"}]},{\"@type\":\"WebSite\",\"@id\":\"https:\\\/\\\/globalautoimports.eu\\\/usa\\\/#website\",\"url\":\"https:\\\/\\\/globalautoimports.eu\\\/usa\\\/\",\"name\":\"USA Global Auto Imports\",\"description\":\"Import aut z USA\",\"potentialAction\":[{\"@type\":\"SearchAction\",\"target\":{\"@type\":\"EntryPoint\",\"urlTemplate\":\"https:\\\/\\\/globalautoimports.eu\\\/usa\\\/?s={search_term_string}\"},\"query-input\":{\"@type\":\"PropertyValueSpecification\",\"valueRequired\":true,\"valueName\":\"search_term_string\"}}],\"inLanguage\":\"en-GB\"}]}<\/script>\n<!-- \/ Yoast SEO plugin. -->","yoast_head_json":{"title":"O firmie - USA Global Auto Imports","robots":{"index":"index","follow":"follow","max-snippet":"max-snippet:-1","max-image-preview":"max-image-preview:large","max-video-preview":"max-video-preview:-1"},"canonical":"https:\/\/globalautoimports.eu\/usa\/o-firmie\/","og_locale":"en_GB","og_type":"article","og_title":"O firmie - USA Global Auto Imports","og_description":"0 Lat w bran\u017cy motoryzacyjnej 0 Lat importujemy auta z Anglii Nam mo\u017cesz zaufa\u0107 Nasza przygoda z bran\u017c\u0105 motoryzacyjn\u0105 zacz\u0119\u0142a si\u0119 ponad 10 lat temu i trwa nieprzerwanie do dzi\u015b. Pocz\u0105tkowo jedynie pomagali\u015bmy naszym najbli\u017cszym i przyjacio\u0142om w bezpiecznym i szybkim imporcie samochod\u00f3w z Wielkiej Brytanii do Polski. Szybko jednak si\u0119 zorientowali\u015bmy, \u017ce realizacja zlece\u0144 importowych bardzo nam odpowiada. Dobrze wykonywali\u015bmy swoje zadanie, a nabywcy z zadowoleniem chwalili nasze us\u0142ugi. Mieli\u015bmy odpowiednie zasoby, kompetencje i ogromne pok\u0142ady energii do pracy \u2013 wi\u0119c nie zastanawiaj\u0105c si\u0119 d\u0142ugo, podj\u0119li\u015bmy decyzj\u0119 o dalszym rozwoju. Dzi\u015b z sukcesem zajmujemy si\u0119 zakupem i importem samochod\u00f3w z USA, Niemiec, Hiszpanii i innych kraj\u00f3w Europy.\u00a0 0 Years in the automotive industry Kim jeste\u015bmy? Obecnie mamy ju\u017c ponad 7 lat do\u015bwiadczenia w sprowadzaniu samochod\u00f3w z Wysp Brytyjskich. Nawi\u0105zali\u015bmy wsp\u00f3\u0142prac\u0119 z firmami motoryzacyjnymi na terenie ca\u0142ej Europy, dzi\u0119ki czemu mo\u017cemy zaoferowa\u0107 transport nie tylko do Polski, lecz w dowolne miejsce na terenie Unii Europejskiej. 0 Years we have been importing cars from England Szukasz firmy, kt\u00f3rej mo\u017cesz zaufa\u0107? Je\u015bli chcesz porozmawia\u0107 o wsp\u00f3\u0142pracy \u2013 skontaktuj si\u0119 z nami!Gwarantujemy Ci obs\u0142ug\u0119 na najwy\u017cszym poziomie i profesjonalne doradztwo. ZAPYTAJ O SZCZEG\u00d3\u0141Y","og_url":"https:\/\/globalautoimports.eu\/usa\/o-firmie\/","og_site_name":"USA Global Auto Imports","article_modified_time":"2023-12-01T08:18:16+00:00","og_image":[{"url":"https:\/\/globalautoimports.eu\/usa\/wp-content\/uploads\/sites\/11\/2023\/03\/about-min-1-1024x585.png","type":"","width":"","height":""}],"twitter_card":"summary_large_image","twitter_misc":{"Estimated reading time":"2 minutes"},"schema":{"@context":"https:\/\/schema.org","@graph":[{"@type":"WebPage","@id":"https:\/\/globalautoimports.eu\/usa\/o-firmie\/","url":"https:\/\/globalautoimports.eu\/usa\/o-firmie\/","name":"O firmie - USA Global Auto Imports","isPartOf":{"@id":"https:\/\/globalautoimports.eu\/usa\/#website"},"primaryImageOfPage":{"@id":"https:\/\/globalautoimports.eu\/usa\/o-firmie\/#primaryimage"},"image":{"@id":"https:\/\/globalautoimports.eu\/usa\/o-firmie\/#primaryimage"},"thumbnailUrl":"https:\/\/globalautoimports.eu\/usa\/wp-content\/uploads\/sites\/11\/2023\/03\/about-min-1-1024x585.png","datePublished":"2023-11-16T17:57:22+00:00","dateModified":"2023-12-01T08:18:16+00:00","breadcrumb":{"@id":"https:\/\/globalautoimports.eu\/usa\/o-firmie\/#breadcrumb"},"inLanguage":"en-GB","potentialAction":[{"@type":"ReadAction","target":["https:\/\/globalautoimports.eu\/usa\/o-firmie\/"]}]},{"@type":"ImageObject","inLanguage":"en-GB","@id":"https:\/\/globalautoimports.eu\/usa\/o-firmie\/#primaryimage","url":"https:\/\/globalautoimports.eu\/usa\/wp-content\/uploads\/sites\/11\/2023\/03\/about-min-1.png","contentUrl":"https:\/\/globalautoimports.eu\/usa\/wp-content\/uploads\/sites\/11\/2023\/03\/about-min-1.png","width":1920,"height":1096,"caption":"Global Auto Imports"},{"@type":"BreadcrumbList","@id":"https:\/\/globalautoimports.eu\/usa\/o-firmie\/#breadcrumb","itemListElement":[{"@type":"ListItem","position":1,"name":"Home","item":"https:\/\/globalautoimports.eu\/usa\/"},{"@type":"ListItem","position":2,"name":"O firmie"}]},{"@type":"WebSite","@id":"https:\/\/globalautoimports.eu\/usa\/#website","url":"https:\/\/globalautoimports.eu\/usa\/","name":"USA Global Auto Imports","description":"Import aut z USA","potentialAction":[{"@type":"SearchAction","target":{"@type":"EntryPoint","urlTemplate":"https:\/\/globalautoimports.eu\/usa\/?s={search_term_string}"},"query-input":{"@type":"PropertyValueSpecification","valueRequired":true,"valueName":"search_term_string"}}],"inLanguage":"en-GB"}]}},"_links":{"self":[{"href":"https:\/\/globalautoimports.eu\/usa\/wp-json\/wp\/v2\/pages\/1953","targetHints":{"allow":["GET"]}}],"collection":[{"href":"https:\/\/globalautoimports.eu\/usa\/wp-json\/wp\/v2\/pages"}],"about":[{"href":"https:\/\/globalautoimports.eu\/usa\/wp-json\/wp\/v2\/types\/page"}],"author":[{"embeddable":true,"href":"https:\/\/globalautoimports.eu\/usa\/wp-json\/wp\/v2\/users\/1"}],"replies":[{"embeddable":true,"href":"https:\/\/globalautoimports.eu\/usa\/wp-json\/wp\/v2\/comments?post=1953"}],"version-history":[{"count":8,"href":"https:\/\/globalautoimports.eu\/usa\/wp-json\/wp\/v2\/pages\/1953\/revisions"}],"predecessor-version":[{"id":2574,"href":"https:\/\/globalautoimports.eu\/usa\/wp-json\/wp\/v2\/pages\/1953\/revisions\/2574"}],"wp:attachment":[{"href":"https:\/\/globalautoimports.eu\/usa\/wp-json\/wp\/v2\/media?parent=1953"}],"curies":[{"name":"wp","href":"https:\/\/api.w.org\/{rel}","templated":true}]}}